{"id":2371,"date":"2014-08-04T12:09:21","date_gmt":"2014-08-04T10:09:21","guid":{"rendered":"https:\/\/jabber.hot-chilli.net\/?page_id=2371"},"modified":"2018-02-14T13:49:47","modified_gmt":"2018-02-14T12:49:47","slug":"kontakt","status":"publish","type":"page","link":"https:\/\/jabber.hot-chilli.net\/de\/kontakt\/","title":{"rendered":"Kontakt"},"content":{"rendered":"\n<div class=\"wpcf7 no-js\" id=\"wpcf7-f5022-o1\" lang=\"en-US\" dir=\"ltr\" data-wpcf7-id=\"5022\">\n<div class=\"screen-reader-response\"><p role=\"status\" aria-live=\"polite\" aria-atomic=\"true\"><\/p> <ul><\/ul><\/div>\n<form action=\"\/de\/wp-json\/wp\/v2\/pages\/2371#wpcf7-f5022-o1\" method=\"post\" class=\"wpcf7-form init\" aria-label=\"Contact form\" novalidate=\"novalidate\" data-status=\"init\">\n<fieldset class=\"hidden-fields-container\"><input type=\"hidden\" name=\"_wpcf7\" value=\"5022\" \/><input type=\"hidden\" name=\"_wpcf7_version\" value=\"6.1.5\" \/><input type=\"hidden\" name=\"_wpcf7_locale\" value=\"en_US\" \/><input type=\"hidden\" name=\"_wpcf7_unit_tag\" value=\"wpcf7-f5022-o1\" \/><input type=\"hidden\" name=\"_wpcf7_container_post\" value=\"0\" \/><input type=\"hidden\" name=\"_wpcf7_posted_data_hash\" value=\"\" \/>\n<\/fieldset>\n<p>Deine Anmerkungen, Anregungen, Hinweise und Fragen sind uns jederzeit willkommen. Wir freuen uns auf Deine Nachricht. Ein Vertrag mit kommt durch das Absenden einer Anfrage hier nat\u00fcrlich noch nicht zustande.\n<\/p>\n<p>Solltest Du Probleme haben, einen Account zu erstellen, Dein Passwort zu \u00e4ndern oder zur\u00fcckzusetzen, eine E-Mail Adresse zum Account hinzuzuf\u00fcgen oder zu \u00e4ndern oder die Voranmeldung f\u00fcr unsere Transportdienste durchzuf\u00fchren, wirf bitte zuerst <a href=\"https:\/\/jabber.hot-chilli.net\/de\/account\/\">hier<\/a> einen Blick hinein bevor Du dieses Kontaktformular benutzt.\n<\/p>\n<p>Wenn Du Deine Domain auf unserem XMPP\/Jabber Server laufen lassen m\u00f6chtest wirf bitte <a href=\"https:\/\/jabber.hot-chilli.net\/de\/jabberhosting\/\">hier<\/a> einen Blick hinein bevor Du dieses Kontaktformular benutzt.\n<\/p>\n<p><b>Wichtig:<\/b> Deine <a href=\"https:\/\/de.wikipedia.org\/wiki\/Extensible_Messaging_and_Presence_Protocol#Eigenschaften\" target=\"_blank\">JID (Jabber IDentifier)\u200b\u200b<\/a> (Jabber\/XMPP-Konto) ist <b>KEINE<\/b><a href=\"https:\/\/de.wikipedia.org\/wiki\/E-Mail-Adresse\" target=\"_blank\">E-Mail-Adresse<\/a>! Du hast nur ein Jabber\/XMPP-Konto auf unserem Server erstellt!\n<\/p>\n<p>Bitte h\u00f6re auch auf, uns mit <b>sinnlosen Fragen<\/b> wie \"Wo ist mein OTP-Code?\" zu nerven. Ganz einfach, weil wir nicht wissen, was ein \"OTP-Code\" ist. Melden Dich in Deinem Konto an, um zu \u00fcberpr\u00fcfen, ob Dir jemand eine Nachricht mit dem gew\u00fcnschten Inhalt gesendet hat.\n<\/p>\n<p>Du kannst Dich <b>in Deinem Jabber\/XMPP-Konto anmelden, indem Du einen beliebigen verf\u00fcgbaren Client<\/b> verwendest. Wie beispielsweise <a href=\"https:\/\/gajim.org\" target=\"_blank\">Gajim<\/a> f\u00fcr Windows\/Linux, <a href=\"https:\/\/desktop.jitsi.org\" target=\"_blank\">Jitsi Desktop<\/a> f\u00fcr Windows\/Linux\/OSX, <a href=\"https:\/\/www.kaidan.im\" target=\"_blank\">Kaidan<\/a> f\u00fcr Linux\/Android, <a href=\"https:\/\/jabber.pix-art.de\" target=\"_blank\">Pix-Art Messenger<\/a> f\u00fcr Android, <a href=\"https:\/\/conversations.im\" target=\"_blank\">Conversations<\/a> f\u00fcr Android, <a href=\"https:\/\/chatsecure.org\" target=\"_blank\">ChatSecure<\/a> f\u00fcr iOS oder <a href=\"https:\/\/monal.im\" target=\"_blank\">Monal IM<\/a> f\u00fcr iOS. Der einfachste Weg ist unser <a href=\"\/inverse\/\" target=\"_blank\">Webclient<\/a>.\n<\/p>\n<p><label><strong>Bitte ausw\u00e4hlen<\/strong>\n\t\t<font color=\"#ff0000\">*\n\t\t<\/font><br \/>\n<span class=\"wpcf7-form-control-wrap\" data-name=\"your-acceptance\"><span class=\"wpcf7-form-control wpcf7-acceptance\"><span class=\"wpcf7-list-item\"><label><input type=\"checkbox\" name=\"your-acceptance\" value=\"1\" aria-invalid=\"false\" \/><span class=\"wpcf7-list-item-label\">Ich habe die Information oben \u00fcber die verschiedenen Accountthemen gelesen und brauche dennoch Hilfe oder habe eine andere Anmerkung, Anregung, Hinweis oder Frage.<\/span><\/label><\/span><\/span><\/span><\/label>\n<\/p>\n<p><label><strong>Dein Name<\/strong>\n\t\t<font color=\"#ff0000\">*\n\t\t<\/font><br \/>\n<span class=\"wpcf7-form-control-wrap\" data-name=\"your-name\"><input size=\"40\" maxlength=\"400\" class=\"wpcf7-form-control wpcf7-text wpcf7-validates-as-required\" aria-required=\"true\" aria-invalid=\"false\" value=\"\" type=\"text\" name=\"your-name\" \/><\/span><\/label>\n<\/p>\n<p><label><strong>Deine E-Mail-Adresse<\/strong>\n\t\t<font color=\"#ff0000\">*\n\t\t<\/font><br \/>\n<span class=\"wpcf7-form-control-wrap\" data-name=\"your-email\"><input size=\"40\" maxlength=\"400\" class=\"wpcf7-form-control wpcf7-email wpcf7-validates-as-required wpcf7-text wpcf7-validates-as-email\" aria-required=\"true\" aria-invalid=\"false\" value=\"\" type=\"email\" name=\"your-email\" \/><\/span><\/label>\n<\/p>\n<p><label><strong>Deine Nachricht<\/strong>\n\t\t<font color=\"#ff0000\">*\n\t\t<\/font><br \/>\n<span class=\"wpcf7-form-control-wrap\" data-name=\"your-message\"><textarea cols=\"40\" rows=\"10\" maxlength=\"2000\" class=\"wpcf7-form-control wpcf7-textarea\" aria-invalid=\"false\" name=\"your-message\"><\/textarea><\/span><\/label>\n<\/p>\n<p><span class=\"wpcf7-form-control-wrap\" data-name=\"datenverarbeitung\"><span class=\"wpcf7-form-control wpcf7-acceptance\"><span class=\"wpcf7-list-item\"><label><input type=\"checkbox\" name=\"datenverarbeitung\" value=\"1\" aria-invalid=\"false\" \/><span class=\"wpcf7-list-item-label\">Ich bin einverstanden, dass meine Daten f\u00fcr eine Kontaktaufnahme elektronisch verarbeitet werden. Die Daten werden nicht an Dritte weitergegeben. Weitere Informationen und Widerrufshinweise findest Du in der <a href=\"\/de\/datenschutzerklaerung\/\">Datenschutzerkl\u00e4rung<\/a>.<font color=\"#ff0000\">*<\/font><\/span><\/label><\/span><\/span><\/span>\n<\/p>\n<p><span class=\"wpcf7-form-control-wrap\" data-name=\"hcap-cf7\">\t\t<input\n\t\t\t\ttype=\"hidden\"\n\t\t\t\tclass=\"hcaptcha-widget-id\"\n\t\t\t\tname=\"hcaptcha-widget-id\"\n\t\t\t\tvalue=\"eyJzb3VyY2UiOlsiY29udGFjdC1mb3JtLTdcL3dwLWNvbnRhY3QtZm9ybS03LnBocCJdLCJmb3JtX2lkIjo1MDIyfQ==-193e872b5e649bbc2fc820a0948cd4b4\">\n\t\t\t\t<span id=\"hcap_cf7-69de3000cf37e1.06799899\" class=\"wpcf7-form-control h-captcha \"\n\t\t\tdata-sitekey=\"8f7eab2b-bc0d-42b3-9eaf-cf87b457e310\"\n\t\t\tdata-theme=\"light\"\n\t\t\tdata-size=\"normal\"\n\t\t\tdata-auto=\"false\"\n\t\t\tdata-ajax=\"false\"\n\t\t\tdata-force=\"false\">\n\t\t<\/span>\n\t\t<input type=\"hidden\" id=\"_wpnonce\" name=\"_wpnonce\" value=\"ef446c3bed\" \/><input type=\"hidden\" name=\"_wp_http_referer\" value=\"\/de\/wp-json\/wp\/v2\/pages\/2371\" \/><\/span><input class=\"wpcf7-form-control wpcf7-submit has-spinner\" type=\"submit\" value=\"Senden\" \/>\n<\/p>\n<p><span>\n\t\t<font color=\"#ff0000\">*\n\t\t<\/font> erforderliches Feld<\/span>\n<\/p><p style=\"display: none !important;\" class=\"akismet-fields-container\" data-prefix=\"_wpcf7_ak_\"><label>&#916;<textarea name=\"_wpcf7_ak_hp_textarea\" cols=\"45\" rows=\"8\" maxlength=\"100\"><\/textarea><\/label><input type=\"hidden\" id=\"ak_js_1\" name=\"_wpcf7_ak_js\" value=\"20\"\/><script>document.getElementById( \"ak_js_1\" ).setAttribute( \"value\", ( new Date() ).getTime() );<\/script><\/p><div class=\"wpcf7-response-output\" aria-hidden=\"true\"><\/div>\n<\/form>\n<\/div>\n\n","protected":false},"excerpt":{"rendered":"","protected":false},"author":1,"featured_media":0,"parent":0,"menu_order":210,"comment_status":"closed","ping_status":"closed","template":"","meta":{"webmentions_disabled_pings":false,"webmentions_disabled":false,"footnotes":"","_links_to":"","_links_to_target":""},"class_list":["post-2371","page","type-page","status-publish","hentry"],"yoast_head":"<!-- This site is optimized with the Yoast SEO plugin v27.3 - https:\/\/yoast.com\/product\/yoast-seo-wordpress\/ -->\n<title>Kontakt - jabber.hot-chilli.net<\/title>\n<meta name=\"robots\" content=\"index, follow, max-snippet:-1, max-image-preview:large, max-video-preview:-1\" \/>\n<link rel=\"canonical\" href=\"https:\/\/jabber.hot-chilli.net\/de\/kontakt\/\" \/>\n<meta property=\"og:locale\" content=\"de_DE\" \/>\n<meta property=\"og:type\" content=\"article\" \/>\n<meta property=\"og:title\" content=\"Kontakt - jabber.hot-chilli.net\" \/>\n<meta property=\"og:url\" content=\"https:\/\/jabber.hot-chilli.net\/de\/kontakt\/\" \/>\n<meta property=\"og:site_name\" content=\"jabber.hot-chilli.net\" \/>\n<meta property=\"article:modified_time\" content=\"2018-02-14T12:49:47+00:00\" \/>\n<meta property=\"og:image\" content=\"https:\/\/jabber.hot-chilli.net\/wp-content\/uploads\/hot-chilli-jabber-avatar2.png\" \/>\n\t<meta property=\"og:image:width\" content=\"288\" \/>\n\t<meta property=\"og:image:height\" content=\"288\" \/>\n\t<meta property=\"og:image:type\" content=\"image\/png\" \/>\n<meta name=\"twitter:card\" content=\"summary_large_image\" \/>\n<meta name=\"twitter:site\" content=\"@HotChilliJabber\" \/>\n<script type=\"application\/ld+json\" class=\"yoast-schema-graph\">{\"@context\":\"https:\\\/\\\/schema.org\",\"@graph\":[{\"@type\":\"WebPage\",\"@id\":\"https:\\\/\\\/jabber.hot-chilli.net\\\/de\\\/kontakt\\\/\",\"url\":\"https:\\\/\\\/jabber.hot-chilli.net\\\/de\\\/kontakt\\\/\",\"name\":\"Kontakt - jabber.hot-chilli.net\",\"isPartOf\":{\"@id\":\"https:\\\/\\\/jabber.hot-chilli.net\\\/de\\\/#website\"},\"datePublished\":\"2014-08-04T10:09:21+00:00\",\"dateModified\":\"2018-02-14T12:49:47+00:00\",\"breadcrumb\":{\"@id\":\"https:\\\/\\\/jabber.hot-chilli.net\\\/de\\\/kontakt\\\/#breadcrumb\"},\"inLanguage\":\"de\",\"potentialAction\":[{\"@type\":\"ReadAction\",\"target\":[\"https:\\\/\\\/jabber.hot-chilli.net\\\/de\\\/kontakt\\\/\"]}]},{\"@type\":\"BreadcrumbList\",\"@id\":\"https:\\\/\\\/jabber.hot-chilli.net\\\/de\\\/kontakt\\\/#breadcrumb\",\"itemListElement\":[{\"@type\":\"ListItem\",\"position\":1,\"name\":\"Home\",\"item\":\"https:\\\/\\\/jabber.hot-chilli.net\\\/de\\\/\"},{\"@type\":\"ListItem\",\"position\":2,\"name\":\"Kontakt\"}]},{\"@type\":\"WebSite\",\"@id\":\"https:\\\/\\\/jabber.hot-chilli.net\\\/de\\\/#website\",\"url\":\"https:\\\/\\\/jabber.hot-chilli.net\\\/de\\\/\",\"name\":\"jabber.hot-chilli.net\",\"description\":\"Ein \u00f6ffentlicher Multi-Domain Jabber\\\/XMPP Server\",\"publisher\":{\"@id\":\"https:\\\/\\\/jabber.hot-chilli.net\\\/de\\\/#organization\"},\"potentialAction\":[{\"@type\":\"SearchAction\",\"target\":{\"@type\":\"EntryPoint\",\"urlTemplate\":\"https:\\\/\\\/jabber.hot-chilli.net\\\/de\\\/?s={search_term_string}\"},\"query-input\":{\"@type\":\"PropertyValueSpecification\",\"valueRequired\":true,\"valueName\":\"search_term_string\"}}],\"inLanguage\":\"de\"},{\"@type\":\"Organization\",\"@id\":\"https:\\\/\\\/jabber.hot-chilli.net\\\/de\\\/#organization\",\"name\":\"Hot-Chilli\",\"url\":\"https:\\\/\\\/jabber.hot-chilli.net\\\/de\\\/\",\"logo\":{\"@type\":\"ImageObject\",\"inLanguage\":\"de\",\"@id\":\"https:\\\/\\\/jabber.hot-chilli.net\\\/de\\\/#\\\/schema\\\/logo\\\/image\\\/\",\"url\":\"https:\\\/\\\/jabber.hot-chilli.net\\\/wp-content\\\/uploads\\\/hot-chilli-jabber-avatar2.png\",\"contentUrl\":\"https:\\\/\\\/jabber.hot-chilli.net\\\/wp-content\\\/uploads\\\/hot-chilli-jabber-avatar2.png\",\"width\":288,\"height\":288,\"caption\":\"Hot-Chilli\"},\"image\":{\"@id\":\"https:\\\/\\\/jabber.hot-chilli.net\\\/de\\\/#\\\/schema\\\/logo\\\/image\\\/\"},\"sameAs\":[\"https:\\\/\\\/x.com\\\/HotChilliJabber\"]}]}<\/script>\n<!-- \/ Yoast SEO plugin. -->","yoast_head_json":{"title":"Kontakt - jabber.hot-chilli.net","robots":{"index":"index","follow":"follow","max-snippet":"max-snippet:-1","max-image-preview":"max-image-preview:large","max-video-preview":"max-video-preview:-1"},"canonical":"https:\/\/jabber.hot-chilli.net\/de\/kontakt\/","og_locale":"de_DE","og_type":"article","og_title":"Kontakt - jabber.hot-chilli.net","og_url":"https:\/\/jabber.hot-chilli.net\/de\/kontakt\/","og_site_name":"jabber.hot-chilli.net","article_modified_time":"2018-02-14T12:49:47+00:00","og_image":[{"width":288,"height":288,"url":"https:\/\/jabber.hot-chilli.net\/wp-content\/uploads\/hot-chilli-jabber-avatar2.png","type":"image\/png"}],"twitter_card":"summary_large_image","twitter_site":"@HotChilliJabber","schema":{"@context":"https:\/\/schema.org","@graph":[{"@type":"WebPage","@id":"https:\/\/jabber.hot-chilli.net\/de\/kontakt\/","url":"https:\/\/jabber.hot-chilli.net\/de\/kontakt\/","name":"Kontakt - jabber.hot-chilli.net","isPartOf":{"@id":"https:\/\/jabber.hot-chilli.net\/de\/#website"},"datePublished":"2014-08-04T10:09:21+00:00","dateModified":"2018-02-14T12:49:47+00:00","breadcrumb":{"@id":"https:\/\/jabber.hot-chilli.net\/de\/kontakt\/#breadcrumb"},"inLanguage":"de","potentialAction":[{"@type":"ReadAction","target":["https:\/\/jabber.hot-chilli.net\/de\/kontakt\/"]}]},{"@type":"BreadcrumbList","@id":"https:\/\/jabber.hot-chilli.net\/de\/kontakt\/#breadcrumb","itemListElement":[{"@type":"ListItem","position":1,"name":"Home","item":"https:\/\/jabber.hot-chilli.net\/de\/"},{"@type":"ListItem","position":2,"name":"Kontakt"}]},{"@type":"WebSite","@id":"https:\/\/jabber.hot-chilli.net\/de\/#website","url":"https:\/\/jabber.hot-chilli.net\/de\/","name":"jabber.hot-chilli.net","description":"Ein \u00f6ffentlicher Multi-Domain Jabber\/XMPP Server","publisher":{"@id":"https:\/\/jabber.hot-chilli.net\/de\/#organization"},"potentialAction":[{"@type":"SearchAction","target":{"@type":"EntryPoint","urlTemplate":"https:\/\/jabber.hot-chilli.net\/de\/?s={search_term_string}"},"query-input":{"@type":"PropertyValueSpecification","valueRequired":true,"valueName":"search_term_string"}}],"inLanguage":"de"},{"@type":"Organization","@id":"https:\/\/jabber.hot-chilli.net\/de\/#organization","name":"Hot-Chilli","url":"https:\/\/jabber.hot-chilli.net\/de\/","logo":{"@type":"ImageObject","inLanguage":"de","@id":"https:\/\/jabber.hot-chilli.net\/de\/#\/schema\/logo\/image\/","url":"https:\/\/jabber.hot-chilli.net\/wp-content\/uploads\/hot-chilli-jabber-avatar2.png","contentUrl":"https:\/\/jabber.hot-chilli.net\/wp-content\/uploads\/hot-chilli-jabber-avatar2.png","width":288,"height":288,"caption":"Hot-Chilli"},"image":{"@id":"https:\/\/jabber.hot-chilli.net\/de\/#\/schema\/logo\/image\/"},"sameAs":["https:\/\/x.com\/HotChilliJabber"]}]}},"_links":{"self":[{"href":"https:\/\/jabber.hot-chilli.net\/de\/wp-json\/wp\/v2\/pages\/2371","targetHints":{"allow":["GET"]}}],"collection":[{"href":"https:\/\/jabber.hot-chilli.net\/de\/wp-json\/wp\/v2\/pages"}],"about":[{"href":"https:\/\/jabber.hot-chilli.net\/de\/wp-json\/wp\/v2\/types\/page"}],"author":[{"embeddable":true,"href":"https:\/\/jabber.hot-chilli.net\/de\/wp-json\/wp\/v2\/users\/1"}],"replies":[{"embeddable":true,"href":"https:\/\/jabber.hot-chilli.net\/de\/wp-json\/wp\/v2\/comments?post=2371"}],"version-history":[{"count":0,"href":"https:\/\/jabber.hot-chilli.net\/de\/wp-json\/wp\/v2\/pages\/2371\/revisions"}],"wp:attachment":[{"href":"https:\/\/jabber.hot-chilli.net\/de\/wp-json\/wp\/v2\/media?parent=2371"}],"curies":[{"name":"wp","href":"https:\/\/api.w.org\/{rel}","templated":true}]}}